{"id":3496,"date":"2018-05-20T16:26:06","date_gmt":"2018-05-20T16:26:06","guid":{"rendered":"http:\/\/eskimo.egemenerd.com\/?page_id=55"},"modified":"2023-06-19T08:04:22","modified_gmt":"2023-06-19T08:04:22","slug":"homepage","status":"publish","type":"page","link":"https:\/\/www.blocdelsabat.cat\/","title":{"rendered":"Homepage"},"content":{"rendered":"<div id=\"pl-3496\"  class=\"panel-layout\" ><div id=\"pg-3496-0\"  class=\"panel-grid panel-no-style\" ><div id=\"pgc-3496-0-0\"  class=\"panel-grid-cell\" ><div id=\"panel-3496-0-0-0\" class=\"so-panel widget widget_eskimo-slider panel-first-child\" data-index=\"0\" ><div\n\t\t\t\n\t\t\tclass=\"so-widget-eskimo-slider so-widget-eskimo-slider-base\"\n\t\t\t\n\t\t>\n\n<div class=\"eskimo-carousel-container eskimo-bg-loader\">   \n    <div id=\"eskimo-post-carousel-1493512280\" class=\"eskimo-slider\">\n<div class=\"post-4023 post type-post status-publish format-standard has-post-thumbnail hentry category-sin-categoria\">\n    <a class=\"eskimo-slider-img\" href=\"https:\/\/www.blocdelsabat.cat\/?p=4023\"><\/a> \n      \n                        <ul class=\"eskimo-slider-image-meta eskimo-image-meta-post\">\n            <li><a href=\"https:\/\/www.blocdelsabat.cat\/?p=4023\"><span class=\"badge badge-default\">1 d'abril de 2026<\/span><\/a><\/li>\n            <li><a href=\"https:\/\/www.blocdelsabat.cat\/?cat=1\"><span class=\"badge badge-default\">Sin categor\u00eda<\/span><\/a><\/li>        <\/ul>\n        <div class=\"clearfix\"><\/div>\n                <img decoding=\"async\" src=\"https:\/\/www.blocdelsabat.cat\/wp-content\/uploads\/2026\/04\/2026-04-01_EspanaEgipte-1134x600.jpg\" alt=\"Espa\u00f1a-Egipte i nosaltres\" \/>   \n    <div class=\"eskimo-slider-desc\">\n        <div class=\"eskimo-slider-desc-inner\">\n        <h6 class=\"card-title\">Espa\u00f1a-Egipte i nosaltres<\/h6>\n        <p>Quatre anys despr\u00e9s, Espanya ha tornat a Catalunya. I ho ha fet a l\u2019estadi de l\u2019Espanyol en un empat a 0 contra Egipte. M\u00e9s enll\u00e0 del resultat i de que cap jugador del Bar\u00e7a s\u2019ha lesionat, el partit passar\u00e0 a la trista hist\u00f2ria pels c\u00e0ntics. \u201cBote, bote, bote musulman qui\u00e9n no vote\u201d. Aix\u00f2 cridava la&#8230;<\/p>\n        <\/div>\n    <\/div>\n<\/div>       \n        \n    <\/div>\n<\/div>\n<script type=\"text\/javascript\">\n(function ($) {\n\"use strict\";    \n$(document).ready(function () {\n    $('#eskimo-post-carousel-1493512280').slick({\n                slidesToScroll: 1,\n        adaptiveHeight: true,\n        slidesToShow: 1,\n                arrows: true,\n        dots : false,\n        fade: true\n    });\n});\n$(window).on('load', function () {\n    $('#eskimo-post-carousel-1493512280').css('opacity', '1');\n    $('#eskimo-post-carousel-1493512280').parent().removeClass('eskimo-bg-loader');\n});     \n})(jQuery);        \n<\/script>\n<div class=\"eskimo-view-more\">\n    <a class=\"btn btn-default\" href=\"https:\/\/www.blocdelsabat.cat\/?page_id=3497\">Veure tots els posts<\/a>\n<\/div>    \n    <\/div><\/div><div id=\"panel-3496-0-0-1\" class=\"so-panel widget widget_eskimo-posts panel-last-child\" data-index=\"1\" ><div\n\t\t\t\n\t\t\tclass=\"so-widget-eskimo-posts so-widget-eskimo-posts-base\"\n\t\t\t\n\t\t>\n   \n<div class=\"eskimo-masonry-grid\">\n    <div class=\"eskimo-two-columns\" data-columns>    \n        \n<div class=\"post-4010 post type-post status-publish format-standard has-post-thumbnail hentry category-catalunya category-penedes category-vilafranca tag-aeroport tag-catalunya tag-futur tag-renfe tag-tren tag-vilafranca\">\n    <div class=\"card-masonry\">\n    <div class=\"card\">\n            <a href=\"https:\/\/www.blocdelsabat.cat\/?p=4010\">\n        <img decoding=\"async\" class=\"card-vertical-img\" src=\"https:\/\/www.blocdelsabat.cat\/wp-content\/uploads\/2024\/07\/Renfe.jpeg\" alt=\"El caos, la Renfe i l&#8217;aeroport\" \/>   \n    <\/a>    \n            <div class=\"card-border \">\n        <div class=\"card-body\">\n             \n            <div class=\"card-category\">\n                <span><a href=\"https:\/\/www.blocdelsabat.cat\/?cat=57\" rel=\"category\">Catalunya<\/a>, <a href=\"https:\/\/www.blocdelsabat.cat\/?cat=17\" rel=\"category\">Pened\u00e8s<\/a>, <a href=\"https:\/\/www.blocdelsabat.cat\/?cat=28\" rel=\"category\">Vilafranca<\/a><\/span>\n            <\/div> \n                        <h3 class=\"card-title\"><a href=\"https:\/\/www.blocdelsabat.cat\/?p=4010\">El caos, la Renfe i l&#8217;aeroport<\/a><\/h3>\n            <p>I l\u2019aeroport? Ara tots callats. 3.200 milions d\u2019euros. Aquesta \u00e9s la xifra que els mitjans publicaven que Aena (\u00e9s a dir, l\u2019Estat espanyol) invertir\u00e0 per ampliar el Prat. Una xifra que \u00e9s exageradament molt m\u00e9s alta que el que s\u2019ha invertit en Rodalies per part de l\u2019Estat les \u00faltimes d\u00e8cades. Entre 1990 i 2018 dels&#8230;<\/p>\n        <\/div>\n                <div class=\"card-footer\">\n            <div class=\"eskimo-author-meta\">\n                By <a class=\"author-meta\" href=\"https:\/\/www.blocdelsabat.cat\/?author=1\">Pere S\u00e0bat<\/a>\n            <\/div>\n            <div class=\"eskimo-date-meta\">\n                <a href=\"https:\/\/www.blocdelsabat.cat\/?p=4010\">10 de febrer de 2026<\/a>\n            <\/div>\n            <div class=\"eskimo-reading-meta\">\n                2 min read            <\/div>\n        <\/div>\n                <\/div>\n    <\/div> \n<\/div>\n<\/div>        \n<div class=\"post-4006 post type-post status-publish format-standard has-post-thumbnail hentry category-penedes category-vilafranca tag-hospital tag-penedes tag-salut tag-vilafranca\">\n    <div class=\"card-masonry\">\n    <div class=\"card\">\n            <a href=\"https:\/\/www.blocdelsabat.cat\/?p=4006\">\n        <img decoding=\"async\" class=\"card-vertical-img\" src=\"https:\/\/www.blocdelsabat.cat\/wp-content\/uploads\/2026\/02\/Asistemasalut-900x600.jpg\" alt=\"El dentista i el psic\u00f2leg\" \/>   \n    <\/a>    \n            <div class=\"card-border \">\n        <div class=\"card-body\">\n             \n            <div class=\"card-category\">\n                <span><a href=\"https:\/\/www.blocdelsabat.cat\/?cat=17\" rel=\"category\">Pened\u00e8s<\/a>, <a href=\"https:\/\/www.blocdelsabat.cat\/?cat=28\" rel=\"category\">Vilafranca<\/a><\/span>\n            <\/div> \n                        <h3 class=\"card-title\"><a href=\"https:\/\/www.blocdelsabat.cat\/?p=4006\">El dentista i el psic\u00f2leg<\/a><\/h3>\n            <p>Un dels desitjos d\u2019any nou, \u00e9s tenir salut. Ho diem al brindar amb espum\u00f3s (oi TV3?) i ens ho diem al saludar-nos. Per\u00f2 aquest 2026 tamb\u00e9 ha de ser l\u2019any on la salut al nostre territori comenci a donar el tomb. L\u2019Hospital comarcal t\u00e9 mancances i cal respondre-hi. Un desig necessari \u00e9s que les promeses&#8230;<\/p>\n        <\/div>\n                <div class=\"card-footer\">\n            <div class=\"eskimo-author-meta\">\n                By <a class=\"author-meta\" href=\"https:\/\/www.blocdelsabat.cat\/?author=1\">Pere S\u00e0bat<\/a>\n            <\/div>\n            <div class=\"eskimo-date-meta\">\n                <a href=\"https:\/\/www.blocdelsabat.cat\/?p=4006\">10 de febrer de 2026<\/a>\n            <\/div>\n            <div class=\"eskimo-reading-meta\">\n                2 min read            <\/div>\n        <\/div>\n                <\/div>\n    <\/div> \n<\/div>\n<\/div>        \n<div class=\"post-4003 post type-post status-publish format-standard has-post-thumbnail hentry category-vilafranca tag-futur tag-hospital tag-salut tag-vilafranca\">\n    <div class=\"card-masonry\">\n    <div class=\"card\">\n            <a href=\"https:\/\/www.blocdelsabat.cat\/?p=4003\">\n        <img decoding=\"async\" class=\"card-vertical-img\" src=\"https:\/\/www.blocdelsabat.cat\/wp-content\/uploads\/2026\/02\/AHospital.jpg\" alt=\"L&#8217;Hospital com a model de pa\u00eds\" \/>   \n    <\/a>    \n            <div class=\"card-border \">\n        <div class=\"card-body\">\n             \n            <div class=\"card-category\">\n                <span><a href=\"https:\/\/www.blocdelsabat.cat\/?cat=28\" rel=\"category\">Vilafranca<\/a><\/span>\n            <\/div> \n                        <h3 class=\"card-title\"><a href=\"https:\/\/www.blocdelsabat.cat\/?p=4003\">L&#8217;Hospital com a model de pa\u00eds<\/a><\/h3>\n            <p>Per projectar el pa\u00eds dels propers anys les capitals de les comarques fora de l\u2019\u00c0rea metropolitana o dels entorns de les capitals provincials, han de fer un pas endavant. S\u00f3n la clau per guanyar un pa\u00eds equilibrat. El 75% de la poblaci\u00f3 es concentra entre l\u2019AP7 i el mar. I aix\u00f2 t\u00e9 conseq\u00fc\u00e8ncies. Cal que&#8230;<\/p>\n        <\/div>\n                <div class=\"card-footer\">\n            <div class=\"eskimo-author-meta\">\n                By <a class=\"author-meta\" href=\"https:\/\/www.blocdelsabat.cat\/?author=1\">Pere S\u00e0bat<\/a>\n            <\/div>\n            <div class=\"eskimo-date-meta\">\n                <a href=\"https:\/\/www.blocdelsabat.cat\/?p=4003\">10 de febrer de 2026<\/a>\n            <\/div>\n            <div class=\"eskimo-reading-meta\">\n                2 min read            <\/div>\n        <\/div>\n                <\/div>\n    <\/div> \n<\/div>\n<\/div>        \n<div class=\"post-4001 post type-post status-publish format-standard has-post-thumbnail hentry category-vilafranca tag-catalunya tag-futur tag-renfe tag-tren tag-vilafranca\">\n    <div class=\"card-masonry\">\n    <div class=\"card\">\n            <a href=\"https:\/\/www.blocdelsabat.cat\/?p=4001\">\n        <img decoding=\"async\" class=\"card-vertical-img\" src=\"https:\/\/www.blocdelsabat.cat\/wp-content\/uploads\/2024\/07\/Renfe.jpeg\" alt=\"Tren: servei fallit o futur?\" \/>   \n    <\/a>    \n            <div class=\"card-border \">\n        <div class=\"card-body\">\n             \n            <div class=\"card-category\">\n                <span><a href=\"https:\/\/www.blocdelsabat.cat\/?cat=28\" rel=\"category\">Vilafranca<\/a><\/span>\n            <\/div> \n                        <h3 class=\"card-title\"><a href=\"https:\/\/www.blocdelsabat.cat\/?p=4001\">Tren: servei fallit o futur?<\/a><\/h3>\n            <p>El servei ferroviari a Vilafranca i al Pened\u00e8s \u00e9s nefast. Renfe s\u2019ha convertit en un servei fallit: trens que no passen, retards constants, averies i una desinversi\u00f3 cr\u00f2nica per part de l\u2019Estat espanyol. En cinquanta anys no s\u2019ha constru\u00eft ni un sol quil\u00f2metre nou de l\u00ednia a Catalunya. Aquesta realitat afecta la mobilitat di\u00e0ria i&#8230;<\/p>\n        <\/div>\n                <div class=\"card-footer\">\n            <div class=\"eskimo-author-meta\">\n                By <a class=\"author-meta\" href=\"https:\/\/www.blocdelsabat.cat\/?author=1\">Pere S\u00e0bat<\/a>\n            <\/div>\n            <div class=\"eskimo-date-meta\">\n                <a href=\"https:\/\/www.blocdelsabat.cat\/?p=4001\">10 de febrer de 2026<\/a>\n            <\/div>\n            <div class=\"eskimo-reading-meta\">\n                2 min read            <\/div>\n        <\/div>\n                <\/div>\n    <\/div> \n<\/div>\n<\/div>        \n<div class=\"post-3998 post type-post status-publish format-standard has-post-thumbnail hentry category-catalunya category-penedes category-vilafranca tag-catalunya tag-companys tag-futur tag-vilafranca\">\n    <div class=\"card-masonry\">\n    <div class=\"card\">\n            <a href=\"https:\/\/www.blocdelsabat.cat\/?p=3998\">\n        <img decoding=\"async\" class=\"card-vertical-img\" src=\"https:\/\/www.blocdelsabat.cat\/wp-content\/uploads\/2026\/02\/ACompanys-900x600.webp\" alt=\"La batalla\" \/>   \n    <\/a>    \n            <div class=\"card-border \">\n        <div class=\"card-body\">\n             \n            <div class=\"card-category\">\n                <span><a href=\"https:\/\/www.blocdelsabat.cat\/?cat=57\" rel=\"category\">Catalunya<\/a>, <a href=\"https:\/\/www.blocdelsabat.cat\/?cat=17\" rel=\"category\">Pened\u00e8s<\/a>, <a href=\"https:\/\/www.blocdelsabat.cat\/?cat=28\" rel=\"category\">Vilafranca<\/a><\/span>\n            <\/div> \n                        <h3 class=\"card-title\"><a href=\"https:\/\/www.blocdelsabat.cat\/?p=3998\">La batalla<\/a><\/h3>\n            <p>\u201cPer Catalunya!\u201d. Aix\u00ed van ser les \u00faltimes paraules del president Companys. D\u2019ell en recordem sovint tan sols el final, perqu\u00e8 va ser l\u2019\u00fanic president europeu assassinat pel feixisme. Per\u00f2 Companys simbolitza moltes altres coses. \u00c9s una de les cares de l\u2019encarnaci\u00f3 per primera vegada de la lluita social i nacional cavalcant plegades i de forma&#8230;<\/p>\n        <\/div>\n                <div class=\"card-footer\">\n            <div class=\"eskimo-author-meta\">\n                By <a class=\"author-meta\" href=\"https:\/\/www.blocdelsabat.cat\/?author=1\">Pere S\u00e0bat<\/a>\n            <\/div>\n            <div class=\"eskimo-date-meta\">\n                <a href=\"https:\/\/www.blocdelsabat.cat\/?p=3998\">10 de febrer de 2026<\/a>\n            <\/div>\n            <div class=\"eskimo-reading-meta\">\n                2 min read            <\/div>\n        <\/div>\n                <\/div>\n    <\/div> \n<\/div>\n<\/div>        \n<div class=\"post-3995 post type-post status-publish format-standard has-post-thumbnail hentry category-vilafranca tag-gent tag-persones tag-sumem\">\n    <div class=\"card-masonry\">\n    <div class=\"card\">\n            <a href=\"https:\/\/www.blocdelsabat.cat\/?p=3995\">\n        <img decoding=\"async\" class=\"card-vertical-img\" src=\"https:\/\/www.blocdelsabat.cat\/wp-content\/uploads\/2026\/02\/Acafe.jpg\" alt=\"Esmorzem?\" \/>   \n    <\/a>    \n            <div class=\"card-border \">\n        <div class=\"card-body\">\n             \n            <div class=\"card-category\">\n                <span><a href=\"https:\/\/www.blocdelsabat.cat\/?cat=28\" rel=\"category\">Vilafranca<\/a><\/span>\n            <\/div> \n                        <h3 class=\"card-title\"><a href=\"https:\/\/www.blocdelsabat.cat\/?p=3995\">Esmorzem?<\/a><\/h3>\n            <p>Reunits a una taula dues persones de 50 anys, una de 35, una de 23 i una de 70. Un esmorzar de dissabte lleuger de caf\u00e8 i un entrep\u00e0 petit. Parlem. La principal preocupaci\u00f3: seguretat. El malestar \u00e9s general. S\u2019hi barregen sensacions d\u2019augment de delinq\u00fc\u00e8ncia, de problemes de conviv\u00e8ncia, de veure com la multireincid\u00e8ncia es&#8230;<\/p>\n        <\/div>\n                <div class=\"card-footer\">\n            <div class=\"eskimo-author-meta\">\n                By <a class=\"author-meta\" href=\"https:\/\/www.blocdelsabat.cat\/?author=1\">Pere S\u00e0bat<\/a>\n            <\/div>\n            <div class=\"eskimo-date-meta\">\n                <a href=\"https:\/\/www.blocdelsabat.cat\/?p=3995\">10 de febrer de 2026<\/a>\n            <\/div>\n            <div class=\"eskimo-reading-meta\">\n                2 min read            <\/div>\n        <\/div>\n                <\/div>\n    <\/div> \n<\/div>\n<\/div>        \n<div class=\"post-3992 post type-post status-publish format-standard has-post-thumbnail hentry category-sin-categoria\">\n    <div class=\"card-masonry\">\n    <div class=\"card\">\n            <a href=\"https:\/\/www.blocdelsabat.cat\/?p=3992\">\n        <img decoding=\"async\" class=\"card-vertical-img\" src=\"https:\/\/www.blocdelsabat.cat\/wp-content\/uploads\/2025\/09\/Vilafranca_mercat-900x580.jpg\" alt=\"Un programa per una vida digne\" \/>   \n    <\/a>    \n            <div class=\"card-border \">\n        <div class=\"card-body\">\n             \n            <div class=\"card-category\">\n                <span><a href=\"https:\/\/www.blocdelsabat.cat\/?cat=1\" rel=\"category\">Sin categor\u00eda<\/a><\/span>\n            <\/div> \n                        <h3 class=\"card-title\"><a href=\"https:\/\/www.blocdelsabat.cat\/?p=3992\">Un programa per una vida digne<\/a><\/h3>\n            <p>Vivim una \u00e8poca de malestar i frustraci\u00f3. Els serveis p\u00fablics com la sanitat i l\u2019educaci\u00f3 estan col\u00b7lapsats. El transport p\u00fablic \u00e9s un desastre. L\u2019acc\u00e9s a l\u2019habitatge \u00e9s una quimera. I la sensaci\u00f3, real, \u00e9s que els fills viuran pitjor que els pares. La p\u00e8rdua d\u2019esperan\u00e7a cap al futur, propi i col\u00b7lectiu, \u00e9s un fet. \u00c9s&#8230;<\/p>\n        <\/div>\n                <div class=\"card-footer\">\n            <div class=\"eskimo-author-meta\">\n                By <a class=\"author-meta\" href=\"https:\/\/www.blocdelsabat.cat\/?author=1\">Pere S\u00e0bat<\/a>\n            <\/div>\n            <div class=\"eskimo-date-meta\">\n                <a href=\"https:\/\/www.blocdelsabat.cat\/?p=3992\">26 de setembre de 2025<\/a>\n            <\/div>\n            <div class=\"eskimo-reading-meta\">\n                4 min read            <\/div>\n        <\/div>\n                <\/div>\n    <\/div> \n<\/div>\n<\/div>        \n<div class=\"post-3986 post type-post status-publish format-standard has-post-thumbnail hentry category-sin-categoria\">\n    <div class=\"card-masonry\">\n    <div class=\"card\">\n            <a href=\"https:\/\/www.blocdelsabat.cat\/?p=3986\">\n        <img decoding=\"async\" class=\"card-vertical-img\" src=\"https:\/\/www.blocdelsabat.cat\/wp-content\/uploads\/2025\/07\/2025-07-21_hospital-828x600.jpg\" alt=\"Vilafranca, zona catastr\u00f2fica: una resposta justa i necess\u00e0ria\" \/>   \n    <\/a>    \n            <div class=\"card-border \">\n        <div class=\"card-body\">\n             \n            <div class=\"card-category\">\n                <span><a href=\"https:\/\/www.blocdelsabat.cat\/?cat=1\" rel=\"category\">Sin categor\u00eda<\/a><\/span>\n            <\/div> \n                        <h3 class=\"card-title\"><a href=\"https:\/\/www.blocdelsabat.cat\/?p=3986\">Vilafranca, zona catastr\u00f2fica: una resposta justa i necess\u00e0ria<\/a><\/h3>\n            <p>El passat juliol, Vilafranca va viure un episodi de pluges torrencials que quedar\u00e0 gravat en la mem\u00f2ria col\u00b7lectiva. M\u00e9s de 155 litres per metre quadrat van caure en poques hores, provocant danys greus en infraestructures p\u00fabliques, equipaments municipals, comer\u00e7os i habitatges. Davant d\u2019aquesta situaci\u00f3, des del grup municipal d\u2019Esquerra-100xCent Vilafranca vam entendre que calia una&#8230;<\/p>\n        <\/div>\n                <div class=\"card-footer\">\n            <div class=\"eskimo-author-meta\">\n                By <a class=\"author-meta\" href=\"https:\/\/www.blocdelsabat.cat\/?author=1\">Pere S\u00e0bat<\/a>\n            <\/div>\n            <div class=\"eskimo-date-meta\">\n                <a href=\"https:\/\/www.blocdelsabat.cat\/?p=3986\">27 d'agost de 2025<\/a>\n            <\/div>\n            <div class=\"eskimo-reading-meta\">\n                2 min read            <\/div>\n        <\/div>\n                <\/div>\n    <\/div> \n<\/div>\n<\/div>        \n<div class=\"post-3982 post type-post status-publish format-standard has-post-thumbnail hentry category-vida\">\n    <div class=\"card-masonry\">\n    <div class=\"card\">\n            <a href=\"https:\/\/www.blocdelsabat.cat\/?p=3982\">\n        <img decoding=\"async\" class=\"card-vertical-img\" src=\"https:\/\/www.blocdelsabat.cat\/wp-content\/uploads\/2025\/08\/2025-08-21_Mare7-e1755810801343-900x600.jpg\" alt=\"Parlar-te\" \/>   \n    <\/a>    \n            <div class=\"card-border \">\n        <div class=\"card-body\">\n             \n            <div class=\"card-category\">\n                <span><a href=\"https:\/\/www.blocdelsabat.cat\/?cat=27\" rel=\"category\">Vida<\/a><\/span>\n            <\/div> \n                        <h3 class=\"card-title\"><a href=\"https:\/\/www.blocdelsabat.cat\/?p=3982\">Parlar-te<\/a><\/h3>\n            <p>Parlar-te sempre ha estat complicat. Des dels 10 anys. No recordo com ho feia abans. Nom\u00e9s petits flaixos que com les fulles de tardor se\u2019ls emporta el vent. I com les fulles, el pes del caminar de tota la vida els esmicola al seu pas i els deixa invisibles. No recordo com et movies. No&#8230;<\/p>\n        <\/div>\n                <div class=\"card-footer\">\n            <div class=\"eskimo-author-meta\">\n                By <a class=\"author-meta\" href=\"https:\/\/www.blocdelsabat.cat\/?author=1\">Pere S\u00e0bat<\/a>\n            <\/div>\n            <div class=\"eskimo-date-meta\">\n                <a href=\"https:\/\/www.blocdelsabat.cat\/?p=3982\">23 d'agost de 2025<\/a>\n            <\/div>\n            <div class=\"eskimo-reading-meta\">\n                3 min read            <\/div>\n        <\/div>\n                <\/div>\n    <\/div> \n<\/div>\n<\/div>        \n<div class=\"post-3978 post type-post status-publish format-standard has-post-thumbnail hentry category-sin-categoria\">\n    <div class=\"card-masonry\">\n    <div class=\"card\">\n            <a href=\"https:\/\/www.blocdelsabat.cat\/?p=3978\">\n        <img decoding=\"async\" class=\"card-vertical-img\" src=\"https:\/\/www.blocdelsabat.cat\/wp-content\/uploads\/2025\/07\/2025-07-21_hospital-828x600.jpg\" alt=\"Despr\u00e9s de la Dana: acci\u00f3 i lideratge\" \/>   \n    <\/a>    \n            <div class=\"card-border \">\n        <div class=\"card-body\">\n             \n            <div class=\"card-category\">\n                <span><a href=\"https:\/\/www.blocdelsabat.cat\/?cat=1\" rel=\"category\">Sin categor\u00eda<\/a><\/span>\n            <\/div> \n                        <h3 class=\"card-title\"><a href=\"https:\/\/www.blocdelsabat.cat\/?p=3978\">Despr\u00e9s de la Dana: acci\u00f3 i lideratge<\/a><\/h3>\n            <p>Vilafranca va viure una tempesta hist\u00f2rica. La magnitud del desastre ha superat totes les expectatives. Amb m\u00e9s de 155 litres per metre quadrat, estem davant del pitjor aiguat dels \u00faltims cent anys. Aquest fenomen no \u00e9s casual. T\u00e9 un nom i un culpable: el canvi clim\u00e0tic. L\u2019escalfament global ens mostra, una vegada m\u00e9s, les seves&#8230;<\/p>\n        <\/div>\n                <div class=\"card-footer\">\n            <div class=\"eskimo-author-meta\">\n                By <a class=\"author-meta\" href=\"https:\/\/www.blocdelsabat.cat\/?author=1\">Pere S\u00e0bat<\/a>\n            <\/div>\n            <div class=\"eskimo-date-meta\">\n                <a href=\"https:\/\/www.blocdelsabat.cat\/?p=3978\">21 de juliol de 2025<\/a>\n            <\/div>\n            <div class=\"eskimo-reading-meta\">\n                2 min read            <\/div>\n        <\/div>\n                <\/div>\n    <\/div> \n<\/div>\n<\/div>    <\/div>\n<\/div>    \n<div class=\"eskimo-view-more\">\n    <a class=\"btn btn-default\" href=\"https:\/\/www.blocdelsabat.cat\/?page_id=3497\">Veure tots els posts<\/a>\n<\/div>    \n    <\/div><\/div><\/div><\/div><div id=\"pg-3496-1\"  class=\"panel-grid panel-has-style\" ><div class=\"siteorigin-panels-stretch panel-row-style panel-row-style-for-3496-1\" data-stretch-type=\"full-stretched\" ><div id=\"pgc-3496-1-0\"  class=\"panel-grid-cell\" ><div id=\"panel-3496-1-0-0\" class=\"so-panel widget widget_eskimo-divider panel-first-child panel-last-child\" data-index=\"2\" ><div\n\t\t\t\n\t\t\tclass=\"so-widget-eskimo-divider so-widget-eskimo-divider-base\"\n\t\t\t\n\t\t><hr class='eskimo-divider-widget' style='border:none;margin-top:0px; margin-bottom:40px; background:#efefef; height:0px;' \/><\/div><\/div><\/div><\/div><\/div><div id=\"pg-3496-2\"  class=\"panel-grid panel-has-style\" ><div class=\"siteorigin-panels-stretch panel-row-style panel-row-style-for-3496-2\" data-stretch-type=\"full\" ><div id=\"pgc-3496-2-0\"  class=\"panel-grid-cell panel-grid-cell-empty\" ><\/div><\/div><\/div><\/div>","protected":false},"excerpt":{"rendered":"","protected":false},"author":2,"featured_media":0,"parent":0,"menu_order":0,"comment_status":"closed","ping_status":"closed","template":"","meta":{"footnotes":""},"class_list":["post-3496","page","type-page","status-publish","hentry"],"_links":{"self":[{"href":"https:\/\/www.blocdelsabat.cat\/index.php?rest_route=\/wp\/v2\/pages\/3496","targetHints":{"allow":["GET"]}}],"collection":[{"href":"https:\/\/www.blocdelsabat.cat\/index.php?rest_route=\/wp\/v2\/pages"}],"about":[{"href":"https:\/\/www.blocdelsabat.cat\/index.php?rest_route=\/wp\/v2\/types\/page"}],"author":[{"embeddable":true,"href":"https:\/\/www.blocdelsabat.cat\/index.php?rest_route=\/wp\/v2\/users\/2"}],"replies":[{"embeddable":true,"href":"https:\/\/www.blocdelsabat.cat\/index.php?rest_route=%2Fwp%2Fv2%2Fcomments&post=3496"}],"version-history":[{"count":10,"href":"https:\/\/www.blocdelsabat.cat\/index.php?rest_route=\/wp\/v2\/pages\/3496\/revisions"}],"predecessor-version":[{"id":3847,"href":"https:\/\/www.blocdelsabat.cat\/index.php?rest_route=\/wp\/v2\/pages\/3496\/revisions\/3847"}],"wp:attachment":[{"href":"https:\/\/www.blocdelsabat.cat\/index.php?rest_route=%2Fwp%2Fv2%2Fmedia&parent=3496"}],"curies":[{"name":"wp","href":"https:\/\/api.w.org\/{rel}","templated":true}]}}